{"id":1602,"date":"2024-10-27T13:48:15","date_gmt":"2024-10-27T13:48:15","guid":{"rendered":"https:\/\/spino-gambino.com\/contact\/"},"modified":"2025-12-11T08:29:03","modified_gmt":"2025-12-11T08:29:03","slug":"kontakt","status":"publish","type":"page","link":"https:\/\/thespinogambino.org\/pl\/kontakt\/","title":{"rendered":"Kontakt"},"content":{"rendered":"<h1>Skontaktuj si\u0119 z nami<\/h1>\n<p class=\"wpcf7-contact-form-not-found\"><strong>Error:<\/strong> Contact form not found.<\/p>\n","protected":false},"excerpt":{"rendered":"<p>Skontaktuj si\u0119 z nami<\/p>\n","protected":false},"author":1,"featured_media":0,"parent":0,"menu_order":0,"comment_status":"closed","ping_status":"closed","template":"template-builder.php","meta":{"_acf_changed":false,"inline_featured_image":false,"footnotes":""},"class_list":["post-1602","page","type-page","status-publish","hentry"],"acf":[],"yoast_head":"<!-- This site is optimized with the Yoast SEO plugin v27.3 - https:\/\/yoast.com\/product\/yoast-seo-wordpress\/ -->\n<title>Skontaktuj si\u0119 z nami<\/title>\n<meta name=\"description\" content=\"W razie jakichkolwiek pyta\u0144 lub potrzeby pomocy prosimy o kontakt. Prosimy o wype\u0142nienie formularza, a nasz zesp\u00f3\u0142 pomocy technicznej niezw\u0142ocznie odpowie, aby rozwi\u0105za\u0107 Pa\u0144stwa problemy.\" \/>\n<meta name=\"robots\" content=\"index, follow, max-snippet:-1, max-image-preview:large, max-video-preview:-1\" \/>\n<link rel=\"canonical\" href=\"https:\/\/thespinogambino.org\/pl\/kontakt\/\" \/>\n<meta property=\"og:locale\" content=\"pl_PL\" \/>\n<meta property=\"og:type\" content=\"article\" \/>\n<meta property=\"og:title\" content=\"Skontaktuj si\u0119 z nami\" \/>\n<meta property=\"og:description\" content=\"W razie jakichkolwiek pyta\u0144 lub potrzeby pomocy prosimy o kontakt. Prosimy o wype\u0142nienie formularza, a nasz zesp\u00f3\u0142 pomocy technicznej niezw\u0142ocznie odpowie, aby rozwi\u0105za\u0107 Pa\u0144stwa problemy.\" \/>\n<meta property=\"og:url\" content=\"https:\/\/thespinogambino.org\/pl\/kontakt\/\" \/>\n<meta property=\"og:site_name\" content=\"spinogambino\" \/>\n<meta property=\"article:modified_time\" content=\"2025-12-11T08:29:03+00:00\" \/>\n<meta name=\"twitter:card\" content=\"summary_large_image\" \/>\n<meta name=\"twitter:label1\" content=\"Est. reading time\" \/>\n\t<meta name=\"twitter:data1\" content=\"1 minute\" \/>\n<script type=\"application\/ld+json\" class=\"yoast-schema-graph\">{\"@context\":\"https:\\\/\\\/schema.org\",\"@graph\":[{\"@type\":\"WebPage\",\"@id\":\"https:\\\/\\\/thespinogambino.org\\\/pl\\\/kontakt\\\/\",\"url\":\"https:\\\/\\\/thespinogambino.org\\\/pl\\\/kontakt\\\/\",\"name\":\"Skontaktuj si\u0119 z nami\",\"isPartOf\":{\"@id\":\"https:\\\/\\\/thespinogambino.org\\\/pl\\\/#website\"},\"datePublished\":\"2024-10-27T13:48:15+00:00\",\"dateModified\":\"2025-12-11T08:29:03+00:00\",\"description\":\"W razie jakichkolwiek pyta\u0144 lub potrzeby pomocy prosimy o kontakt. Prosimy o wype\u0142nienie formularza, a nasz zesp\u00f3\u0142 pomocy technicznej niezw\u0142ocznie odpowie, aby rozwi\u0105za\u0107 Pa\u0144stwa problemy.\",\"breadcrumb\":{\"@id\":\"https:\\\/\\\/thespinogambino.org\\\/pl\\\/kontakt\\\/#breadcrumb\"},\"inLanguage\":\"pl-PL\",\"potentialAction\":[{\"@type\":\"ReadAction\",\"target\":[\"https:\\\/\\\/thespinogambino.org\\\/pl\\\/kontakt\\\/\"]}]},{\"@type\":\"BreadcrumbList\",\"@id\":\"https:\\\/\\\/thespinogambino.org\\\/pl\\\/kontakt\\\/#breadcrumb\",\"itemListElement\":[{\"@type\":\"ListItem\",\"position\":1,\"name\":\"Spinogambino\",\"item\":\"https:\\\/\\\/thespinogambino.org\\\/pl\\\/\"},{\"@type\":\"ListItem\",\"position\":2,\"name\":\"Kontakt\"}]},{\"@type\":\"WebSite\",\"@id\":\"https:\\\/\\\/thespinogambino.org\\\/pl\\\/#website\",\"url\":\"https:\\\/\\\/thespinogambino.org\\\/pl\\\/\",\"name\":\"Spinogambino\",\"description\":\"\",\"publisher\":{\"@id\":\"https:\\\/\\\/thespinogambino.org\\\/pl\\\/#organization\"},\"potentialAction\":[{\"@type\":\"SearchAction\",\"target\":{\"@type\":\"EntryPoint\",\"urlTemplate\":\"https:\\\/\\\/thespinogambino.org\\\/pl\\\/?s={search_term_string}\"},\"query-input\":{\"@type\":\"PropertyValueSpecification\",\"valueRequired\":true,\"valueName\":\"search_term_string\"}}],\"inLanguage\":\"pl-PL\"},{\"@type\":\"Organization\",\"@id\":\"https:\\\/\\\/thespinogambino.org\\\/pl\\\/#organization\",\"name\":\"Spinogambino\",\"url\":\"https:\\\/\\\/thespinogambino.org\\\/pl\\\/\",\"logo\":{\"@type\":\"ImageObject\",\"inLanguage\":\"pl-PL\",\"@id\":\"https:\\\/\\\/thespinogambino.org\\\/pl\\\/#\\\/schema\\\/logo\\\/image\\\/\",\"url\":\"https:\\\/\\\/thespinogambino.org\\\/wp-content\\\/uploads\\\/2025\\\/12\\\/Casino-logo-Desktop-1.png\",\"contentUrl\":\"https:\\\/\\\/thespinogambino.org\\\/wp-content\\\/uploads\\\/2025\\\/12\\\/Casino-logo-Desktop-1.png\",\"width\":136,\"height\":29,\"caption\":\"Spinogambino\"},\"image\":{\"@id\":\"https:\\\/\\\/thespinogambino.org\\\/pl\\\/#\\\/schema\\\/logo\\\/image\\\/\"}}]}<\/script>\n<!-- \/ Yoast SEO plugin. -->","yoast_head_json":{"title":"Skontaktuj si\u0119 z nami","description":"W razie jakichkolwiek pyta\u0144 lub potrzeby pomocy prosimy o kontakt. Prosimy o wype\u0142nienie formularza, a nasz zesp\u00f3\u0142 pomocy technicznej niezw\u0142ocznie odpowie, aby rozwi\u0105za\u0107 Pa\u0144stwa problemy.","robots":{"index":"index","follow":"follow","max-snippet":"max-snippet:-1","max-image-preview":"max-image-preview:large","max-video-preview":"max-video-preview:-1"},"canonical":"https:\/\/thespinogambino.org\/pl\/kontakt\/","og_locale":"pl_PL","og_type":"article","og_title":"Skontaktuj si\u0119 z nami","og_description":"W razie jakichkolwiek pyta\u0144 lub potrzeby pomocy prosimy o kontakt. Prosimy o wype\u0142nienie formularza, a nasz zesp\u00f3\u0142 pomocy technicznej niezw\u0142ocznie odpowie, aby rozwi\u0105za\u0107 Pa\u0144stwa problemy.","og_url":"https:\/\/thespinogambino.org\/pl\/kontakt\/","og_site_name":"spinogambino","article_modified_time":"2025-12-11T08:29:03+00:00","twitter_card":"summary_large_image","twitter_misc":{"Est. reading time":"1 minute"},"schema":{"@context":"https:\/\/schema.org","@graph":[{"@type":"WebPage","@id":"https:\/\/thespinogambino.org\/pl\/kontakt\/","url":"https:\/\/thespinogambino.org\/pl\/kontakt\/","name":"Skontaktuj si\u0119 z nami","isPartOf":{"@id":"https:\/\/thespinogambino.org\/pl\/#website"},"datePublished":"2024-10-27T13:48:15+00:00","dateModified":"2025-12-11T08:29:03+00:00","description":"W razie jakichkolwiek pyta\u0144 lub potrzeby pomocy prosimy o kontakt. Prosimy o wype\u0142nienie formularza, a nasz zesp\u00f3\u0142 pomocy technicznej niezw\u0142ocznie odpowie, aby rozwi\u0105za\u0107 Pa\u0144stwa problemy.","breadcrumb":{"@id":"https:\/\/thespinogambino.org\/pl\/kontakt\/#breadcrumb"},"inLanguage":"pl-PL","potentialAction":[{"@type":"ReadAction","target":["https:\/\/thespinogambino.org\/pl\/kontakt\/"]}]},{"@type":"BreadcrumbList","@id":"https:\/\/thespinogambino.org\/pl\/kontakt\/#breadcrumb","itemListElement":[{"@type":"ListItem","position":1,"name":"Spinogambino","item":"https:\/\/thespinogambino.org\/pl\/"},{"@type":"ListItem","position":2,"name":"Kontakt"}]},{"@type":"WebSite","@id":"https:\/\/thespinogambino.org\/pl\/#website","url":"https:\/\/thespinogambino.org\/pl\/","name":"Spinogambino","description":"","publisher":{"@id":"https:\/\/thespinogambino.org\/pl\/#organization"},"potentialAction":[{"@type":"SearchAction","target":{"@type":"EntryPoint","urlTemplate":"https:\/\/thespinogambino.org\/pl\/?s={search_term_string}"},"query-input":{"@type":"PropertyValueSpecification","valueRequired":true,"valueName":"search_term_string"}}],"inLanguage":"pl-PL"},{"@type":"Organization","@id":"https:\/\/thespinogambino.org\/pl\/#organization","name":"Spinogambino","url":"https:\/\/thespinogambino.org\/pl\/","logo":{"@type":"ImageObject","inLanguage":"pl-PL","@id":"https:\/\/thespinogambino.org\/pl\/#\/schema\/logo\/image\/","url":"https:\/\/thespinogambino.org\/wp-content\/uploads\/2025\/12\/Casino-logo-Desktop-1.png","contentUrl":"https:\/\/thespinogambino.org\/wp-content\/uploads\/2025\/12\/Casino-logo-Desktop-1.png","width":136,"height":29,"caption":"Spinogambino"},"image":{"@id":"https:\/\/thespinogambino.org\/pl\/#\/schema\/logo\/image\/"}}]}},"_links":{"self":[{"href":"https:\/\/thespinogambino.org\/pl\/wp-json\/wp\/v2\/pages\/1602","targetHints":{"allow":["GET"]}}],"collection":[{"href":"https:\/\/thespinogambino.org\/pl\/wp-json\/wp\/v2\/pages"}],"about":[{"href":"https:\/\/thespinogambino.org\/pl\/wp-json\/wp\/v2\/types\/page"}],"author":[{"embeddable":true,"href":"https:\/\/thespinogambino.org\/pl\/wp-json\/wp\/v2\/users\/1"}],"replies":[{"embeddable":true,"href":"https:\/\/thespinogambino.org\/pl\/wp-json\/wp\/v2\/comments?post=1602"}],"version-history":[{"count":1,"href":"https:\/\/thespinogambino.org\/pl\/wp-json\/wp\/v2\/pages\/1602\/revisions"}],"predecessor-version":[{"id":1863,"href":"https:\/\/thespinogambino.org\/pl\/wp-json\/wp\/v2\/pages\/1602\/revisions\/1863"}],"wp:attachment":[{"href":"https:\/\/thespinogambino.org\/pl\/wp-json\/wp\/v2\/media?parent=1602"}],"curies":[{"name":"wp","href":"https:\/\/api.w.org\/{rel}","templated":true}]}}