{"id":1603,"date":"2024-10-27T13:48:15","date_gmt":"2024-10-27T13:48:15","guid":{"rendered":"https:\/\/spino-gambino.com\/contact\/"},"modified":"2025-12-11T08:54:53","modified_gmt":"2025-12-11T08:54:53","slug":"contacto","status":"publish","type":"page","link":"https:\/\/thespinogambino.org\/pt-pt\/contacto\/","title":{"rendered":"Contacto"},"content":{"rendered":"<h1>Contacte-nos<\/h1>\n<p class=\"wpcf7-contact-form-not-found\"><strong>Error:<\/strong> Contact form not found.<\/p>\n","protected":false},"excerpt":{"rendered":"<p>Contacte-nos<\/p>\n","protected":false},"author":1,"featured_media":0,"parent":0,"menu_order":0,"comment_status":"closed","ping_status":"closed","template":"template-builder.php","meta":{"_acf_changed":false,"inline_featured_image":false,"footnotes":""},"class_list":["post-1603","page","type-page","status-publish","hentry"],"acf":[],"yoast_head":"<!-- This site is optimized with the Yoast SEO plugin v27.3 - https:\/\/yoast.com\/product\/yoast-seo-wordpress\/ -->\n<title>Contacte-nos<\/title>\n<meta name=\"description\" content=\"Entre em contacto connosco para qualquer d\u00favida ou assist\u00eancia. Preencha o formul\u00e1rio e a nossa equipa de assist\u00eancia responder\u00e1 prontamente para resolver os seus problemas.\" \/>\n<meta name=\"robots\" content=\"index, follow, max-snippet:-1, max-image-preview:large, max-video-preview:-1\" \/>\n<link rel=\"canonical\" href=\"https:\/\/thespinogambino.org\/pt-pt\/contacto\/\" \/>\n<meta property=\"og:locale\" content=\"pt_PT\" \/>\n<meta property=\"og:type\" content=\"article\" \/>\n<meta property=\"og:title\" content=\"Contacte-nos\" \/>\n<meta property=\"og:description\" content=\"Entre em contacto connosco para qualquer d\u00favida ou assist\u00eancia. Preencha o formul\u00e1rio e a nossa equipa de assist\u00eancia responder\u00e1 prontamente para resolver os seus problemas.\" \/>\n<meta property=\"og:url\" content=\"https:\/\/thespinogambino.org\/pt-pt\/contacto\/\" \/>\n<meta property=\"og:site_name\" content=\"spinogambino\" \/>\n<meta property=\"article:modified_time\" content=\"2025-12-11T08:54:53+00:00\" \/>\n<meta name=\"twitter:card\" content=\"summary_large_image\" \/>\n<meta name=\"twitter:label1\" content=\"Est. reading time\" \/>\n\t<meta name=\"twitter:data1\" content=\"1 minute\" \/>\n<script type=\"application\/ld+json\" class=\"yoast-schema-graph\">{\"@context\":\"https:\\\/\\\/schema.org\",\"@graph\":[{\"@type\":\"WebPage\",\"@id\":\"https:\\\/\\\/thespinogambino.org\\\/pt-pt\\\/contacto\\\/\",\"url\":\"https:\\\/\\\/thespinogambino.org\\\/pt-pt\\\/contacto\\\/\",\"name\":\"Contacte-nos\",\"isPartOf\":{\"@id\":\"https:\\\/\\\/thespinogambino.org\\\/pt-pt\\\/#website\"},\"datePublished\":\"2024-10-27T13:48:15+00:00\",\"dateModified\":\"2025-12-11T08:54:53+00:00\",\"description\":\"Entre em contacto connosco para qualquer d\u00favida ou assist\u00eancia. Preencha o formul\u00e1rio e a nossa equipa de assist\u00eancia responder\u00e1 prontamente para resolver os seus problemas.\",\"breadcrumb\":{\"@id\":\"https:\\\/\\\/thespinogambino.org\\\/pt-pt\\\/contacto\\\/#breadcrumb\"},\"inLanguage\":\"pt-PT\",\"potentialAction\":[{\"@type\":\"ReadAction\",\"target\":[\"https:\\\/\\\/thespinogambino.org\\\/pt-pt\\\/contacto\\\/\"]}]},{\"@type\":\"BreadcrumbList\",\"@id\":\"https:\\\/\\\/thespinogambino.org\\\/pt-pt\\\/contacto\\\/#breadcrumb\",\"itemListElement\":[{\"@type\":\"ListItem\",\"position\":1,\"name\":\"Spinogambino\",\"item\":\"https:\\\/\\\/thespinogambino.org\\\/pt-pt\\\/\"},{\"@type\":\"ListItem\",\"position\":2,\"name\":\"Contacto\"}]},{\"@type\":\"WebSite\",\"@id\":\"https:\\\/\\\/thespinogambino.org\\\/pt-pt\\\/#website\",\"url\":\"https:\\\/\\\/thespinogambino.org\\\/pt-pt\\\/\",\"name\":\"Spinogambino\",\"description\":\"\",\"publisher\":{\"@id\":\"https:\\\/\\\/thespinogambino.org\\\/pt-pt\\\/#organization\"},\"potentialAction\":[{\"@type\":\"SearchAction\",\"target\":{\"@type\":\"EntryPoint\",\"urlTemplate\":\"https:\\\/\\\/thespinogambino.org\\\/pt-pt\\\/?s={search_term_string}\"},\"query-input\":{\"@type\":\"PropertyValueSpecification\",\"valueRequired\":true,\"valueName\":\"search_term_string\"}}],\"inLanguage\":\"pt-PT\"},{\"@type\":\"Organization\",\"@id\":\"https:\\\/\\\/thespinogambino.org\\\/pt-pt\\\/#organization\",\"name\":\"Spinogambino\",\"url\":\"https:\\\/\\\/thespinogambino.org\\\/pt-pt\\\/\",\"logo\":{\"@type\":\"ImageObject\",\"inLanguage\":\"pt-PT\",\"@id\":\"https:\\\/\\\/thespinogambino.org\\\/pt-pt\\\/#\\\/schema\\\/logo\\\/image\\\/\",\"url\":\"https:\\\/\\\/thespinogambino.org\\\/wp-content\\\/uploads\\\/2025\\\/12\\\/Casino-logo-Desktop-1.png\",\"contentUrl\":\"https:\\\/\\\/thespinogambino.org\\\/wp-content\\\/uploads\\\/2025\\\/12\\\/Casino-logo-Desktop-1.png\",\"width\":136,\"height\":29,\"caption\":\"Spinogambino\"},\"image\":{\"@id\":\"https:\\\/\\\/thespinogambino.org\\\/pt-pt\\\/#\\\/schema\\\/logo\\\/image\\\/\"}}]}<\/script>\n<!-- \/ Yoast SEO plugin. -->","yoast_head_json":{"title":"Contacte-nos","description":"Entre em contacto connosco para qualquer d\u00favida ou assist\u00eancia. Preencha o formul\u00e1rio e a nossa equipa de assist\u00eancia responder\u00e1 prontamente para resolver os seus problemas.","robots":{"index":"index","follow":"follow","max-snippet":"max-snippet:-1","max-image-preview":"max-image-preview:large","max-video-preview":"max-video-preview:-1"},"canonical":"https:\/\/thespinogambino.org\/pt-pt\/contacto\/","og_locale":"pt_PT","og_type":"article","og_title":"Contacte-nos","og_description":"Entre em contacto connosco para qualquer d\u00favida ou assist\u00eancia. Preencha o formul\u00e1rio e a nossa equipa de assist\u00eancia responder\u00e1 prontamente para resolver os seus problemas.","og_url":"https:\/\/thespinogambino.org\/pt-pt\/contacto\/","og_site_name":"spinogambino","article_modified_time":"2025-12-11T08:54:53+00:00","twitter_card":"summary_large_image","twitter_misc":{"Est. reading time":"1 minute"},"schema":{"@context":"https:\/\/schema.org","@graph":[{"@type":"WebPage","@id":"https:\/\/thespinogambino.org\/pt-pt\/contacto\/","url":"https:\/\/thespinogambino.org\/pt-pt\/contacto\/","name":"Contacte-nos","isPartOf":{"@id":"https:\/\/thespinogambino.org\/pt-pt\/#website"},"datePublished":"2024-10-27T13:48:15+00:00","dateModified":"2025-12-11T08:54:53+00:00","description":"Entre em contacto connosco para qualquer d\u00favida ou assist\u00eancia. Preencha o formul\u00e1rio e a nossa equipa de assist\u00eancia responder\u00e1 prontamente para resolver os seus problemas.","breadcrumb":{"@id":"https:\/\/thespinogambino.org\/pt-pt\/contacto\/#breadcrumb"},"inLanguage":"pt-PT","potentialAction":[{"@type":"ReadAction","target":["https:\/\/thespinogambino.org\/pt-pt\/contacto\/"]}]},{"@type":"BreadcrumbList","@id":"https:\/\/thespinogambino.org\/pt-pt\/contacto\/#breadcrumb","itemListElement":[{"@type":"ListItem","position":1,"name":"Spinogambino","item":"https:\/\/thespinogambino.org\/pt-pt\/"},{"@type":"ListItem","position":2,"name":"Contacto"}]},{"@type":"WebSite","@id":"https:\/\/thespinogambino.org\/pt-pt\/#website","url":"https:\/\/thespinogambino.org\/pt-pt\/","name":"Spinogambino","description":"","publisher":{"@id":"https:\/\/thespinogambino.org\/pt-pt\/#organization"},"potentialAction":[{"@type":"SearchAction","target":{"@type":"EntryPoint","urlTemplate":"https:\/\/thespinogambino.org\/pt-pt\/?s={search_term_string}"},"query-input":{"@type":"PropertyValueSpecification","valueRequired":true,"valueName":"search_term_string"}}],"inLanguage":"pt-PT"},{"@type":"Organization","@id":"https:\/\/thespinogambino.org\/pt-pt\/#organization","name":"Spinogambino","url":"https:\/\/thespinogambino.org\/pt-pt\/","logo":{"@type":"ImageObject","inLanguage":"pt-PT","@id":"https:\/\/thespinogambino.org\/pt-pt\/#\/schema\/logo\/image\/","url":"https:\/\/thespinogambino.org\/wp-content\/uploads\/2025\/12\/Casino-logo-Desktop-1.png","contentUrl":"https:\/\/thespinogambino.org\/wp-content\/uploads\/2025\/12\/Casino-logo-Desktop-1.png","width":136,"height":29,"caption":"Spinogambino"},"image":{"@id":"https:\/\/thespinogambino.org\/pt-pt\/#\/schema\/logo\/image\/"}}]}},"_links":{"self":[{"href":"https:\/\/thespinogambino.org\/pt-pt\/wp-json\/wp\/v2\/pages\/1603","targetHints":{"allow":["GET"]}}],"collection":[{"href":"https:\/\/thespinogambino.org\/pt-pt\/wp-json\/wp\/v2\/pages"}],"about":[{"href":"https:\/\/thespinogambino.org\/pt-pt\/wp-json\/wp\/v2\/types\/page"}],"author":[{"embeddable":true,"href":"https:\/\/thespinogambino.org\/pt-pt\/wp-json\/wp\/v2\/users\/1"}],"replies":[{"embeddable":true,"href":"https:\/\/thespinogambino.org\/pt-pt\/wp-json\/wp\/v2\/comments?post=1603"}],"version-history":[{"count":1,"href":"https:\/\/thespinogambino.org\/pt-pt\/wp-json\/wp\/v2\/pages\/1603\/revisions"}],"predecessor-version":[{"id":1914,"href":"https:\/\/thespinogambino.org\/pt-pt\/wp-json\/wp\/v2\/pages\/1603\/revisions\/1914"}],"wp:attachment":[{"href":"https:\/\/thespinogambino.org\/pt-pt\/wp-json\/wp\/v2\/media?parent=1603"}],"curies":[{"name":"wp","href":"https:\/\/api.w.org\/{rel}","templated":true}]}}