{"id":1613,"date":"2024-10-27T11:38:29","date_gmt":"2024-10-27T11:38:29","guid":{"rendered":"https:\/\/spino-gambino.com\/privacy-policy\/"},"modified":"2025-12-11T08:56:56","modified_gmt":"2025-12-11T08:56:56","slug":"politica-de-privacidade","status":"publish","type":"page","link":"https:\/\/thespinogambino.org\/pt-pt\/politica-de-privacidade\/","title":{"rendered":"Pol\u00edtica de Privacidade"},"content":{"rendered":"\r\n<h1 class=\"wp-block-heading\">Pol\u00edtica de Privacidade<\/h1>\r\n<h2>Quem somos<\/h2>\r\n<p>O endere\u00e7o do nosso site \u00e9: http:\/\/spino-gambino.com\/.<\/p>\r\n<h2>Coment\u00e1rios<\/h2>\r\n<p>Quando os visitantes deixam coment\u00e1rios no site, coletamos os dados exibidos no formul\u00e1rio de coment\u00e1rios, bem como o endere\u00e7o IP e a string do agente do usu\u00e1rio do visitante para ajudar na detec\u00e7\u00e3o de spam.<\/p>\r\n<p>Uma string anonimizada criada a partir do seu endere\u00e7o de e-mail (tamb\u00e9m chamada de hash) pode ser fornecida ao servi\u00e7o Gravatar para verificar se voc\u00ea o est\u00e1 utilizando. A pol\u00edtica de privacidade do Gravatar est\u00e1 dispon\u00edvel aqui: <a href=\"https:\/\/automattic.com\/privacy\/\">https:\/\/automattic.com\/privacy\/<\/a>. Ap\u00f3s a aprova\u00e7\u00e3o do seu coment\u00e1rio, sua foto de perfil ficar\u00e1 vis\u00edvel ao p\u00fablico no contexto do seu coment\u00e1rio.<\/p>\r\n<h2>Arquivos de m\u00eddia<\/h2>\r\n<p>Se voc\u00ea fizer upload de imagens no site, deve evitar carregar imagens com dados de localiza\u00e7\u00e3o incorporados (EXIF GPS). Os visitantes do site podem baixar e extrair quaisquer dados de localiza\u00e7\u00e3o das imagens no site.<\/p>\r\n<h2>Cookies<\/h2>\r\n<p>Se voc\u00ea deixar um coment\u00e1rio no nosso site, poder\u00e1 optar por salvar seu nome, endere\u00e7o de e-mail e site em cookies. Isso \u00e9 para sua conveni\u00eancia, para que voc\u00ea n\u00e3o precise preencher seus dados novamente ao deixar outro coment\u00e1rio. Esses cookies durar\u00e3o 1 ano.<\/p>\r\n<p>Se voc\u00ea tiver uma conta no site e fizer login, configuraremos um cookie tempor\u00e1rio para determinar se o seu navegador aceita cookies. Este cookie n\u00e3o cont\u00e9m dados pessoais e ser\u00e1 exclu\u00eddo quando voc\u00ea fechar o navegador.<\/p>\r\n<p>Ao fazer login, tamb\u00e9m configuraremos v\u00e1rios cookies para salvar informa\u00e7\u00f5es sobre seu login e as configura\u00e7\u00f5es de tela. Os cookies de login durar\u00e3o 2 dias, e os cookies de configura\u00e7\u00f5es de tela durar\u00e3o 1 ano. Se voc\u00ea selecionar &#8220;Lembrar-me&#8221;, seu login permanecer\u00e1 v\u00e1lido por 2 semanas. Se voc\u00ea sair da sua conta, os cookies de login ser\u00e3o exclu\u00eddos.<\/p>\r\n<p>Se voc\u00ea editar ou publicar um artigo, um cookie adicional ser\u00e1 salvo no seu navegador. Este cookie n\u00e3o cont\u00e9m dados pessoais e indica apenas o ID do post do artigo que voc\u00ea acabou de editar. Ele expira em 1 dia.<\/p>\r\n<h2>Conte\u00fado incorporado de outros sites<\/h2>\r\n<p>Os artigos neste site podem conter conte\u00fado incorporado (por exemplo, v\u00eddeos, imagens, artigos etc.). O conte\u00fado incorporado de outros sites se comporta da mesma forma como se o usu\u00e1rio tivesse visitado o outro site.<\/p>\r\n<p>Esses sites podem coletar dados sobre voc\u00ea, usar cookies, incorporar aplica\u00e7\u00f5es de rastreamento de terceiros e monitorar sua intera\u00e7\u00e3o com o conte\u00fado incorporado, especialmente se voc\u00ea tiver uma conta e estiver conectado a esses sites.<\/p>\r\n<h2>Com quem compartilhamos seus dados?<\/h2>\r\n<p>Se voc\u00ea solicitar uma redefini\u00e7\u00e3o de senha, seu endere\u00e7o IP ser\u00e1 inclu\u00eddo no e-mail de redefini\u00e7\u00e3o de senha.<\/p>\r\n<h2>Por quanto tempo mantemos seus dados?<\/h2>\r\n<p>Se voc\u00ea deixar um coment\u00e1rio, o coment\u00e1rio e seus metadados ser\u00e3o armazenados indefinidamente. Isso nos permite identificar e aprovar automaticamente quaisquer coment\u00e1rios subsequentes, em vez de mant\u00ea-los em uma fila de modera\u00e7\u00e3o.<\/p>\r\n<p>Para usu\u00e1rios que se registrarem no nosso site (se houver), armazenamos as informa\u00e7\u00f5es pessoais fornecidas em seus perfis de usu\u00e1rio. Todos os usu\u00e1rios podem visualizar, editar ou excluir suas informa\u00e7\u00f5es pessoais a qualquer momento (exceto que n\u00e3o podem alterar seus nomes de usu\u00e1rio). Os administradores do site tamb\u00e9m podem visualizar e editar essas informa\u00e7\u00f5es.<\/p>\r\n<h2>Quais s\u00e3o seus direitos em rela\u00e7\u00e3o aos seus dados?<\/h2>\r\n<p>Se voc\u00ea tem uma conta neste site ou deixou coment\u00e1rios, pode solicitar um arquivo exportado dos dados pessoais que temos sobre voc\u00ea, incluindo quaisquer dados que voc\u00ea nos forneceu. Voc\u00ea tamb\u00e9m pode solicitar que apaguemos todos os dados pessoais que mantemos sobre voc\u00ea. Isso n\u00e3o inclui dados que somos obrigados a manter para fins administrativos, legais ou de seguran\u00e7a.<\/p>\r\n<h2>Para onde os seus dados s\u00e3o enviados<\/h2>\r\n<p>Os coment\u00e1rios dos visitantes podem ser verificados atrav\u00e9s de um servi\u00e7o automatizado de detec\u00e7\u00e3o de spam.<\/p>\r\n","protected":false},"excerpt":{"rendered":"<p>Pol\u00edtica de Privacidade Quem somos O endere\u00e7o do nosso site \u00e9: http:\/\/spino-gambino.com\/. Coment\u00e1rios Quando os visitantes deixam coment\u00e1rios no site, coletamos os dados exibidos no formul\u00e1rio de coment\u00e1rios, bem como o endere\u00e7o IP e a string do agente do usu\u00e1rio do visitante para ajudar na detec\u00e7\u00e3o de spam. Uma string anonimizada criada a partir do [&hellip;]<\/p>\n","protected":false},"author":1,"featured_media":0,"parent":0,"menu_order":0,"comment_status":"closed","ping_status":"open","template":"template-builder.php","meta":{"_acf_changed":false,"inline_featured_image":false,"footnotes":""},"class_list":["post-1613","page","type-page","status-publish","hentry"],"acf":[],"yoast_head":"<!-- This site is optimized with the Yoast SEO plugin v27.3 - https:\/\/yoast.com\/product\/yoast-seo-wordpress\/ -->\n<title>Pol\u00edtica de Privacidade<\/title>\n<meta name=\"description\" content=\"Descubra a nossa Pol\u00edtica de Privacidade: como os seus dados pessoais s\u00e3o recolhidos, utilizados e protegidos para garantir uma experi\u00eancia de jogo segura.\" \/>\n<meta name=\"robots\" content=\"noindex, follow\" \/>\n<meta property=\"og:locale\" content=\"pt_PT\" \/>\n<meta property=\"og:type\" content=\"article\" \/>\n<meta property=\"og:title\" content=\"Pol\u00edtica de Privacidade\" \/>\n<meta property=\"og:description\" content=\"Descubra a nossa Pol\u00edtica de Privacidade: como os seus dados pessoais s\u00e3o recolhidos, utilizados e protegidos para garantir uma experi\u00eancia de jogo segura.\" \/>\n<meta property=\"og:url\" content=\"https:\/\/thespinogambino.org\/pt-pt\/politica-de-privacidade\/\" \/>\n<meta property=\"og:site_name\" content=\"spinogambino\" \/>\n<meta property=\"article:modified_time\" content=\"2025-12-11T08:56:56+00:00\" \/>\n<meta name=\"twitter:card\" content=\"summary_large_image\" \/>\n<meta name=\"twitter:label1\" content=\"Est. reading time\" \/>\n\t<meta name=\"twitter:data1\" content=\"3 minutes\" \/>\n<script type=\"application\/ld+json\" class=\"yoast-schema-graph\">{\"@context\":\"https:\\\/\\\/schema.org\",\"@graph\":[{\"@type\":\"WebPage\",\"@id\":\"https:\\\/\\\/thespinogambino.org\\\/pt-pt\\\/politica-de-privacidade\\\/\",\"url\":\"https:\\\/\\\/thespinogambino.org\\\/pt-pt\\\/politica-de-privacidade\\\/\",\"name\":\"Pol\u00edtica de Privacidade\",\"isPartOf\":{\"@id\":\"https:\\\/\\\/thespinogambino.org\\\/pt-pt\\\/#website\"},\"datePublished\":\"2024-10-27T11:38:29+00:00\",\"dateModified\":\"2025-12-11T08:56:56+00:00\",\"description\":\"Descubra a nossa Pol\u00edtica de Privacidade: como os seus dados pessoais s\u00e3o recolhidos, utilizados e protegidos para garantir uma experi\u00eancia de jogo segura.\",\"breadcrumb\":{\"@id\":\"https:\\\/\\\/thespinogambino.org\\\/pt-pt\\\/politica-de-privacidade\\\/#breadcrumb\"},\"inLanguage\":\"pt-PT\",\"potentialAction\":[{\"@type\":\"ReadAction\",\"target\":[\"https:\\\/\\\/thespinogambino.org\\\/pt-pt\\\/politica-de-privacidade\\\/\"]}]},{\"@type\":\"BreadcrumbList\",\"@id\":\"https:\\\/\\\/thespinogambino.org\\\/pt-pt\\\/politica-de-privacidade\\\/#breadcrumb\",\"itemListElement\":[{\"@type\":\"ListItem\",\"position\":1,\"name\":\"Spinogambino\",\"item\":\"https:\\\/\\\/thespinogambino.org\\\/pt-pt\\\/\"},{\"@type\":\"ListItem\",\"position\":2,\"name\":\"Pol\u00edtica de Privacidade\"}]},{\"@type\":\"WebSite\",\"@id\":\"https:\\\/\\\/thespinogambino.org\\\/pt-pt\\\/#website\",\"url\":\"https:\\\/\\\/thespinogambino.org\\\/pt-pt\\\/\",\"name\":\"Spinogambino\",\"description\":\"\",\"publisher\":{\"@id\":\"https:\\\/\\\/thespinogambino.org\\\/pt-pt\\\/#organization\"},\"potentialAction\":[{\"@type\":\"SearchAction\",\"target\":{\"@type\":\"EntryPoint\",\"urlTemplate\":\"https:\\\/\\\/thespinogambino.org\\\/pt-pt\\\/?s={search_term_string}\"},\"query-input\":{\"@type\":\"PropertyValueSpecification\",\"valueRequired\":true,\"valueName\":\"search_term_string\"}}],\"inLanguage\":\"pt-PT\"},{\"@type\":\"Organization\",\"@id\":\"https:\\\/\\\/thespinogambino.org\\\/pt-pt\\\/#organization\",\"name\":\"Spinogambino\",\"url\":\"https:\\\/\\\/thespinogambino.org\\\/pt-pt\\\/\",\"logo\":{\"@type\":\"ImageObject\",\"inLanguage\":\"pt-PT\",\"@id\":\"https:\\\/\\\/thespinogambino.org\\\/pt-pt\\\/#\\\/schema\\\/logo\\\/image\\\/\",\"url\":\"https:\\\/\\\/thespinogambino.org\\\/wp-content\\\/uploads\\\/2025\\\/12\\\/Casino-logo-Desktop-1.png\",\"contentUrl\":\"https:\\\/\\\/thespinogambino.org\\\/wp-content\\\/uploads\\\/2025\\\/12\\\/Casino-logo-Desktop-1.png\",\"width\":136,\"height\":29,\"caption\":\"Spinogambino\"},\"image\":{\"@id\":\"https:\\\/\\\/thespinogambino.org\\\/pt-pt\\\/#\\\/schema\\\/logo\\\/image\\\/\"}}]}<\/script>\n<!-- \/ Yoast SEO plugin. -->","yoast_head_json":{"title":"Pol\u00edtica de Privacidade","description":"Descubra a nossa Pol\u00edtica de Privacidade: como os seus dados pessoais s\u00e3o recolhidos, utilizados e protegidos para garantir uma experi\u00eancia de jogo segura.","robots":{"index":"noindex","follow":"follow"},"og_locale":"pt_PT","og_type":"article","og_title":"Pol\u00edtica de Privacidade","og_description":"Descubra a nossa Pol\u00edtica de Privacidade: como os seus dados pessoais s\u00e3o recolhidos, utilizados e protegidos para garantir uma experi\u00eancia de jogo segura.","og_url":"https:\/\/thespinogambino.org\/pt-pt\/politica-de-privacidade\/","og_site_name":"spinogambino","article_modified_time":"2025-12-11T08:56:56+00:00","twitter_card":"summary_large_image","twitter_misc":{"Est. reading time":"3 minutes"},"schema":{"@context":"https:\/\/schema.org","@graph":[{"@type":"WebPage","@id":"https:\/\/thespinogambino.org\/pt-pt\/politica-de-privacidade\/","url":"https:\/\/thespinogambino.org\/pt-pt\/politica-de-privacidade\/","name":"Pol\u00edtica de Privacidade","isPartOf":{"@id":"https:\/\/thespinogambino.org\/pt-pt\/#website"},"datePublished":"2024-10-27T11:38:29+00:00","dateModified":"2025-12-11T08:56:56+00:00","description":"Descubra a nossa Pol\u00edtica de Privacidade: como os seus dados pessoais s\u00e3o recolhidos, utilizados e protegidos para garantir uma experi\u00eancia de jogo segura.","breadcrumb":{"@id":"https:\/\/thespinogambino.org\/pt-pt\/politica-de-privacidade\/#breadcrumb"},"inLanguage":"pt-PT","potentialAction":[{"@type":"ReadAction","target":["https:\/\/thespinogambino.org\/pt-pt\/politica-de-privacidade\/"]}]},{"@type":"BreadcrumbList","@id":"https:\/\/thespinogambino.org\/pt-pt\/politica-de-privacidade\/#breadcrumb","itemListElement":[{"@type":"ListItem","position":1,"name":"Spinogambino","item":"https:\/\/thespinogambino.org\/pt-pt\/"},{"@type":"ListItem","position":2,"name":"Pol\u00edtica de Privacidade"}]},{"@type":"WebSite","@id":"https:\/\/thespinogambino.org\/pt-pt\/#website","url":"https:\/\/thespinogambino.org\/pt-pt\/","name":"Spinogambino","description":"","publisher":{"@id":"https:\/\/thespinogambino.org\/pt-pt\/#organization"},"potentialAction":[{"@type":"SearchAction","target":{"@type":"EntryPoint","urlTemplate":"https:\/\/thespinogambino.org\/pt-pt\/?s={search_term_string}"},"query-input":{"@type":"PropertyValueSpecification","valueRequired":true,"valueName":"search_term_string"}}],"inLanguage":"pt-PT"},{"@type":"Organization","@id":"https:\/\/thespinogambino.org\/pt-pt\/#organization","name":"Spinogambino","url":"https:\/\/thespinogambino.org\/pt-pt\/","logo":{"@type":"ImageObject","inLanguage":"pt-PT","@id":"https:\/\/thespinogambino.org\/pt-pt\/#\/schema\/logo\/image\/","url":"https:\/\/thespinogambino.org\/wp-content\/uploads\/2025\/12\/Casino-logo-Desktop-1.png","contentUrl":"https:\/\/thespinogambino.org\/wp-content\/uploads\/2025\/12\/Casino-logo-Desktop-1.png","width":136,"height":29,"caption":"Spinogambino"},"image":{"@id":"https:\/\/thespinogambino.org\/pt-pt\/#\/schema\/logo\/image\/"}}]}},"_links":{"self":[{"href":"https:\/\/thespinogambino.org\/pt-pt\/wp-json\/wp\/v2\/pages\/1613","targetHints":{"allow":["GET"]}}],"collection":[{"href":"https:\/\/thespinogambino.org\/pt-pt\/wp-json\/wp\/v2\/pages"}],"about":[{"href":"https:\/\/thespinogambino.org\/pt-pt\/wp-json\/wp\/v2\/types\/page"}],"author":[{"embeddable":true,"href":"https:\/\/thespinogambino.org\/pt-pt\/wp-json\/wp\/v2\/users\/1"}],"replies":[{"embeddable":true,"href":"https:\/\/thespinogambino.org\/pt-pt\/wp-json\/wp\/v2\/comments?post=1613"}],"version-history":[{"count":2,"href":"https:\/\/thespinogambino.org\/pt-pt\/wp-json\/wp\/v2\/pages\/1613\/revisions"}],"predecessor-version":[{"id":1918,"href":"https:\/\/thespinogambino.org\/pt-pt\/wp-json\/wp\/v2\/pages\/1613\/revisions\/1918"}],"wp:attachment":[{"href":"https:\/\/thespinogambino.org\/pt-pt\/wp-json\/wp\/v2\/media?parent=1613"}],"curies":[{"name":"wp","href":"https:\/\/api.w.org\/{rel}","templated":true}]}}