{"id":1681,"date":"2025-12-10T14:27:13","date_gmt":"2025-12-10T14:27:13","guid":{"rendered":"https:\/\/spino-gambino.com\/login-and-registration\/"},"modified":"2025-12-11T09:08:53","modified_gmt":"2025-12-11T09:08:53","slug":"inicio-de-sessao-e-registo","status":"publish","type":"page","link":"https:\/\/thespinogambino.org\/pt-pt\/inicio-de-sessao-e-registo\/","title":{"rendered":"In\u00edcio de sess\u00e3o e registo"},"content":{"rendered":"<h1>In\u00edcio de sess\u00e3o Spinogambino<\/h1>\n<p>O Spinogambino login d\u00e1 acesso a uma conta pessoal para jogadores registados e suporta as mesmas credenciais nas vers\u00f5es para computador e para dispositivos m\u00f3veis do site. O formul\u00e1rio de in\u00edcio de sess\u00e3o destina-se a utilizadores que regressam, enquanto o registo est\u00e1 dispon\u00edvel para criar um novo perfil em dois passos. Depois de iniciar sess\u00e3o, os jogadores podem gerir os seus perfis e utilizar as funcionalidades associadas \u00e0 conta, al\u00e9m de aproveitarem os nossos b\u00f3nus de dep\u00f3sito e cashback, bem como milhares de jogos.<\/p>\n<p><div class=\"banner-wrap\" aria-label=\"Banner\"><img src=\"https:\/\/thespinogambino.org\/wp-content\/uploads\/2025\/12\/Banner-Desktop.webp\" class=\"w-100 d-none d-lg-block img-pc main-banner-img\" alt=\"welcome bonus desktop\" fetchpriority=\"high\" decoding=\"async\"><img src=\"https:\/\/thespinogambino.org\/wp-content\/uploads\/2025\/12\/Group-59.webp\" class=\"w-100 d-none d-md-block d-lg-none main-banner-img\" alt=\"welcome bonus mobile\" fetchpriority=\"high\" decoding=\"async\"><img src=\"https:\/\/thespinogambino.org\/wp-content\/uploads\/2025\/12\/Group-59.webp\" class=\"w-100 d-md-none\" alt=\"welcome bonus mobile\" fetchpriority=\"high\" decoding=\"async\"><div class=\"banner-description\">\n<div class=\"banner-title\">B\u00f3nus de Boas-Vindas<\/div>\n<p class=\"banner-header-title\">1500 \u20ac<\/p>\n<div class=\"banner-header-AdditionalText\">+ 250 Rodadas Gr\u00e1tis<\/div>\n<button data-item=\"homepage_banner_link\" class=\"goto m-button m-gradient-border m-button--primary m-button--large banner-button btn-orange\">\n            <div class=\"m-button-content\">\n                <span>Registe-se agora<\/span>\n                <span><\/span>\n            <\/div>\n        <\/button>\n<\/div>\n<div class=\"WelcomePack\">\n<p><img loading=\"lazy\" decoding=\"async\" class=\"alignnone size-full wp-image-1575\" src=\"https:\/\/spino-gambino.com\/wp-content\/uploads\/2025\/12\/welcome-crown.svg\" alt=\"welcome crown\" width=\"25\" height=\"26\" \/><\/p>\n<div class=\"WelcomePack-Info\">Cashback semanal at\u00e9 25%<\/div>\n<p><img loading=\"lazy\" decoding=\"async\" class=\"alignnone size-full wp-image-1575\" src=\"https:\/\/spino-gambino.com\/wp-content\/uploads\/2025\/12\/welcome-crown.svg\" alt=\"welcome crown\" width=\"25\" height=\"26\" \/><\/p>\n<\/div>\n<\/div><div class=\"scrollable-content-wrap my-5\"><div class=\"scrollable-content-inner\"><h2>Registo de Spinogambino<\/h2>\n<p>Uma conta no Spinogambino \u00e9 necess\u00e1ria para utiliza\u00e7\u00e3o completa da plataforma. O registo desbloqueia a \u00e1rea pessoal, onde os dados do perfil s\u00e3o armazenados e podem ser atualizados mais tarde. Tamb\u00e9m ativa fun\u00e7\u00f5es associadas \u00e0 conta, como manter o mesmo saldo e as mesmas prefer\u00eancias em diferentes dispositivos, receber e\u2011mails de servi\u00e7o importantes e concluir a verifica\u00e7\u00e3o quando necess\u00e1rio.<\/p>\n<p>O registo tamb\u00e9m desbloqueia funcionalidades que est\u00e3o dispon\u00edveis apenas para jogadores com sess\u00e3o iniciada. A tabela abaixo apresenta as principais vantagens de ter uma conta no Spino Gambino.<\/p>\n<table>\n<tbody>\n<tr>\n<td>Benef\u00edcio<\/td>\n<td>Detalhes<\/td>\n<\/tr>\n<tr>\n<td>Acesso total a mais de 6 000 jogos<\/td>\n<td>Os utilizadores registados podem jogar todos os slots, jogos de mesa, jogos com dealer ao vivo, jogos instant\u00e2neos e jogos crash.<\/td>\n<\/tr>\n<tr>\n<td>Participa\u00e7\u00e3o em promo\u00e7\u00f5es<\/td>\n<td>Apenas os jogadores registados podem receber b\u00f3nus, participar em torneios e aceder a recompensas VIP.<\/td>\n<\/tr>\n<tr>\n<td>Gest\u00e3o da conta<\/td>\n<td>Os utilizadores podem gerir dep\u00f3sitos, levantamentos, b\u00f3nus ativos e c\u00f3digos promocionais diretamente a partir da conta.<\/td>\n<\/tr>\n<tr>\n<td>Ferramentas de jogo respons\u00e1vel<\/td>\n<td>A \u00e1rea da conta oferece temporizadores de sess\u00e3o, op\u00e7\u00f5es de autoexclus\u00e3o e outras defini\u00e7\u00f5es de jogo respons\u00e1vel.<\/td>\n<\/tr>\n<tr>\n<td>Funcionalidades VIP<\/td>\n<td>Os jogadores registados podem gerir a sua ades\u00e3o VIP e receber benef\u00edcios exclusivos para high rollers.<\/td>\n<\/tr>\n<tr>\n<td>Verifica\u00e7\u00e3o segura<\/td>\n<td>A verifica\u00e7\u00e3o KYC apoia levantamentos sem problemas e acrescenta uma camada extra de seguran\u00e7a \u00e0 conta.<\/td>\n<\/tr>\n<tr>\n<td>Suporte multil\u00edngue<\/td>\n<td>A equipa de suporte est\u00e1 dispon\u00edvel atrav\u00e9s de chat ao vivo e e\u2011mail em v\u00e1rios idiomas.<\/td>\n<\/tr>\n<\/tbody>\n<\/table>\n<h3>Como criar a sua conta<\/h3>\n<p>A cria\u00e7\u00e3o de conta \u00e9 r\u00e1pida e utiliza um formul\u00e1rio de registo simples.<\/p>\n<ol>\n<li>Introduza um endere\u00e7o de e\u2011mail.<\/li>\n<li>Crie uma palavra\u2011passe.<\/li>\n<li>Assinale a caixa para aceitar os Termos e Condi\u00e7\u00f5es.<\/li>\n<li>Clique em \u201cRegistar\u201d.<\/li>\n<li>Adicione o nome pr\u00f3prio, apelido, data de nascimento e n\u00famero de telem\u00f3vel.<\/li>\n<li>Clique em \u201cGuardar\u201d.<\/li>\n<\/ol>\n<p>Depois do formul\u00e1rio ser preenchido, a conta fica ativa. O e\u2011mail que introduzir \u00e9 o seu ID de in\u00edcio de sess\u00e3o e \u00e9 tamb\u00e9m utilizado para mensagens de servi\u00e7o, como redefini\u00e7\u00f5es de palavra\u2011passe e atualiza\u00e7\u00f5es de verifica\u00e7\u00e3o, pelo que deve ser inserido com exatid\u00e3o.<\/p>\n<h2>In\u00edcio de sess\u00e3o Spinogambino e gest\u00e3o da conta<\/h2>\n<p>Para iniciar sess\u00e3o, abra o formul\u00e1rio de in\u00edcio de sess\u00e3o Spinogambino, introduza o endere\u00e7o de e\u2011mail e a palavra\u2011passe que utilizou durante o registo e clique em &#8220;Iniciar sess\u00e3o&#8221;. Se as credenciais corresponderem ao perfil guardado, o acesso \u00e9 concedido de imediato.<\/p>\n<ul>\n<li>Rever e editar as informa\u00e7\u00f5es pessoais que foram introduzidas durante o registo.<\/li>\n<li>Atualizar as defini\u00e7\u00f5es relacionadas com a seguran\u00e7a que possam estar dispon\u00edveis na sec\u00e7\u00e3o de perfil.<\/li>\n<li>Verificar as notifica\u00e7\u00f5es da conta e as mensagens de estado.<\/li>\n<li>Enviar documentos para verifica\u00e7\u00e3o quando tal for solicitado.<\/li>\n<\/ul>\n<p>Estas fun\u00e7\u00f5es est\u00e3o agrupadas na interface da conta para que os dados do perfil se mantenham consistentes e possam ser geridos num \u00fanico local.<\/p>\n<h3>Esqueceu-se da palavra\u2011passe?<\/h3>\n<p>Se a palavra\u2011passe n\u00e3o estiver dispon\u00edvel, utilize a op\u00e7\u00e3o &#8220;Esqueceu-se da palavra\u2011passe?&#8221; por baixo do formul\u00e1rio de in\u00edcio de sess\u00e3o Spino Gambino. Introduza o mesmo e\u2011mail que foi utilizado durante o registo. Ser\u00e1 enviado um link de redefini\u00e7\u00e3o para esse endere\u00e7o. Se o e\u2011mail n\u00e3o chegar ao fim de alguns minutos, deve primeiro verificar a pasta de Spam, uma vez que as mensagens autom\u00e1ticas s\u00e3o por vezes filtradas pelos servi\u00e7os de e\u2011mail. Se ainda assim n\u00e3o tiver recebido o link de redefini\u00e7\u00e3o da palavra\u2011passe, o passo seguinte \u00e9 confirmar se o endere\u00e7o de e\u2011mail introduzido corresponde ao que utilizou no registo e tentar novamente.<\/p>\n<h2>Verifica\u00e7\u00e3o no Casino Spinogambino<\/h2>\n<p>No Spinogambino, aplicamos verifica\u00e7\u00e3o de identidade (KYC) para confirmar que uma conta pertence ao seu verdadeiro titular. O pedido aparece na \u00e1rea pessoal da conta, onde os documentos podem ser carregados atrav\u00e9s do formul\u00e1rio disponibilizado. Assim que os ficheiros s\u00e3o enviados, o perfil \u00e9 marcado &#8220;Aprovado temporariamente&#8221;, o que significa que os documentos foram recebidos e aguardam an\u00e1lise.<\/p>\n<p>A nossa equipa de KYC verifica as informa\u00e7\u00f5es carregadas no prazo de 24 horas. Depois da an\u00e1lise estar conclu\u00edda, o resultado \u00e9 enviado para o endere\u00e7o de e\u2011mail registado. O estado de verifica\u00e7\u00e3o na conta \u00e9 atualizado automaticamente com base nessa decis\u00e3o.<\/p>\n<h2>FAQ<\/h2>\n<h3>A mesma conta pode ser utilizada em v\u00e1rios dispositivos?<\/h3>\n<p>Sim. A mesma conta Spino Gambino pode ser utilizada em computador e em dispositivos m\u00f3veis, desde que inicie sess\u00e3o com o mesmo e\u2011mail e a mesma palavra\u2011passe.<\/p>\n<h3>O que acontece se o e\u2011mail errado for introduzido durante o registo?<\/h3>\n<p>Se o e\u2011mail tiver sido introduzido de forma incorreta, a recupera\u00e7\u00e3o da palavra\u2011passe e as notifica\u00e7\u00f5es n\u00e3o chegar\u00e3o at\u00e9 si. Contacte a nossa equipa de suporte o mais rapidamente poss\u00edvel, para que o e\u2011mail de registo possa ser corrigido depois de confirmados os dados de identidade.<\/p>\n<h3>Porque \u00e9 que o sistema est\u00e1 a pedir para verificar o n\u00famero de telem\u00f3vel novamente?<\/h3>\n<p>Poder\u00e1 ter de voltar a verificar o seu n\u00famero de telem\u00f3vel se este tiver sido guardado de forma incorreta, tiver sido alterado ou necessitar de verifica\u00e7\u00e3o de seguran\u00e7a adicional. Verifique o n\u00famero no seu perfil e siga as instru\u00e7\u00f5es apresentadas no ecr\u00e3 para concluir a verifica\u00e7\u00e3o.<\/p>\n<\/div><\/div><\/p>\n","protected":false},"excerpt":{"rendered":"<p>In\u00edcio de sess\u00e3o Spinogambino O Spinogambino login d\u00e1 acesso a uma conta pessoal para jogadores registados e suporta as mesmas credenciais nas vers\u00f5es para computador e para dispositivos m\u00f3veis do site. O formul\u00e1rio de in\u00edcio de sess\u00e3o destina-se a utilizadores que regressam, enquanto o registo est\u00e1 dispon\u00edvel para criar um novo perfil em dois passos. [&hellip;]<\/p>\n","protected":false},"author":4,"featured_media":0,"parent":0,"menu_order":0,"comment_status":"closed","ping_status":"closed","template":"template-builder.php","meta":{"_acf_changed":false,"inline_featured_image":false,"footnotes":""},"class_list":["post-1681","page","type-page","status-publish","hentry"],"acf":[],"yoast_head":"<!-- This site is optimized with the Yoast SEO plugin v27.3 - https:\/\/yoast.com\/product\/yoast-seo-wordpress\/ -->\n<title>Spinogambino Login | Registe-se e gerencie a sua conta<\/title>\n<meta name=\"description\" content=\"Crie um Spinogambino login para aceder \u00e0 sua conta em seguran\u00e7a, gerir dep\u00f3sitos e utilizar b\u00f3nus. Registo r\u00e1pido para novos utilizadores. Registe-se ou inicie sess\u00e3o e jogue os melhores jogos de casino online!\" \/>\n<meta name=\"robots\" content=\"index, follow, max-snippet:-1, max-image-preview:large, max-video-preview:-1\" \/>\n<link rel=\"canonical\" href=\"https:\/\/thespinogambino.org\/pt-pt\/inicio-de-sessao-e-registo\/\" \/>\n<meta property=\"og:locale\" content=\"pt_PT\" \/>\n<meta property=\"og:type\" content=\"article\" \/>\n<meta property=\"og:title\" content=\"Spinogambino Login | Registe-se e gerencie a sua conta\" \/>\n<meta property=\"og:description\" content=\"Crie um Spinogambino login para aceder \u00e0 sua conta em seguran\u00e7a, gerir dep\u00f3sitos e utilizar b\u00f3nus. Registo r\u00e1pido para novos utilizadores. Registe-se ou inicie sess\u00e3o e jogue os melhores jogos de casino online!\" \/>\n<meta property=\"og:url\" content=\"https:\/\/thespinogambino.org\/pt-pt\/inicio-de-sessao-e-registo\/\" \/>\n<meta property=\"og:site_name\" content=\"spinogambino\" \/>\n<meta property=\"article:modified_time\" content=\"2025-12-11T09:08:53+00:00\" \/>\n<meta name=\"twitter:card\" content=\"summary_large_image\" \/>\n<meta name=\"twitter:label1\" content=\"Est. reading time\" \/>\n\t<meta name=\"twitter:data1\" content=\"1 minute\" \/>\n<script type=\"application\/ld+json\" class=\"yoast-schema-graph\">{\"@context\":\"https:\\\/\\\/schema.org\",\"@graph\":[{\"@type\":\"WebPage\",\"@id\":\"https:\\\/\\\/thespinogambino.org\\\/pt-pt\\\/inicio-de-sessao-e-registo\\\/\",\"url\":\"https:\\\/\\\/thespinogambino.org\\\/pt-pt\\\/inicio-de-sessao-e-registo\\\/\",\"name\":\"Spinogambino Login | Registe-se e gerencie a sua conta\",\"isPartOf\":{\"@id\":\"https:\\\/\\\/thespinogambino.org\\\/pt-pt\\\/#website\"},\"datePublished\":\"2025-12-10T14:27:13+00:00\",\"dateModified\":\"2025-12-11T09:08:53+00:00\",\"description\":\"Crie um Spinogambino login para aceder \u00e0 sua conta em seguran\u00e7a, gerir dep\u00f3sitos e utilizar b\u00f3nus. Registo r\u00e1pido para novos utilizadores. Registe-se ou inicie sess\u00e3o e jogue os melhores jogos de casino online!\",\"breadcrumb\":{\"@id\":\"https:\\\/\\\/thespinogambino.org\\\/pt-pt\\\/inicio-de-sessao-e-registo\\\/#breadcrumb\"},\"inLanguage\":\"pt-PT\",\"potentialAction\":[{\"@type\":\"ReadAction\",\"target\":[\"https:\\\/\\\/thespinogambino.org\\\/pt-pt\\\/inicio-de-sessao-e-registo\\\/\"]}]},{\"@type\":\"BreadcrumbList\",\"@id\":\"https:\\\/\\\/thespinogambino.org\\\/pt-pt\\\/inicio-de-sessao-e-registo\\\/#breadcrumb\",\"itemListElement\":[{\"@type\":\"ListItem\",\"position\":1,\"name\":\"Spinogambino\",\"item\":\"https:\\\/\\\/thespinogambino.org\\\/pt-pt\\\/\"},{\"@type\":\"ListItem\",\"position\":2,\"name\":\"In\u00edcio de sess\u00e3o e registo\"}]},{\"@type\":\"WebSite\",\"@id\":\"https:\\\/\\\/thespinogambino.org\\\/pt-pt\\\/#website\",\"url\":\"https:\\\/\\\/thespinogambino.org\\\/pt-pt\\\/\",\"name\":\"Spinogambino\",\"description\":\"\",\"publisher\":{\"@id\":\"https:\\\/\\\/thespinogambino.org\\\/pt-pt\\\/#organization\"},\"potentialAction\":[{\"@type\":\"SearchAction\",\"target\":{\"@type\":\"EntryPoint\",\"urlTemplate\":\"https:\\\/\\\/thespinogambino.org\\\/pt-pt\\\/?s={search_term_string}\"},\"query-input\":{\"@type\":\"PropertyValueSpecification\",\"valueRequired\":true,\"valueName\":\"search_term_string\"}}],\"inLanguage\":\"pt-PT\"},{\"@type\":\"Organization\",\"@id\":\"https:\\\/\\\/thespinogambino.org\\\/pt-pt\\\/#organization\",\"name\":\"Spinogambino\",\"url\":\"https:\\\/\\\/thespinogambino.org\\\/pt-pt\\\/\",\"logo\":{\"@type\":\"ImageObject\",\"inLanguage\":\"pt-PT\",\"@id\":\"https:\\\/\\\/thespinogambino.org\\\/pt-pt\\\/#\\\/schema\\\/logo\\\/image\\\/\",\"url\":\"https:\\\/\\\/thespinogambino.org\\\/wp-content\\\/uploads\\\/2025\\\/12\\\/Casino-logo-Desktop-1.png\",\"contentUrl\":\"https:\\\/\\\/thespinogambino.org\\\/wp-content\\\/uploads\\\/2025\\\/12\\\/Casino-logo-Desktop-1.png\",\"width\":136,\"height\":29,\"caption\":\"Spinogambino\"},\"image\":{\"@id\":\"https:\\\/\\\/thespinogambino.org\\\/pt-pt\\\/#\\\/schema\\\/logo\\\/image\\\/\"}}]}<\/script>\n<!-- \/ Yoast SEO plugin. -->","yoast_head_json":{"title":"Spinogambino Login | Registe-se e gerencie a sua conta","description":"Crie um Spinogambino login para aceder \u00e0 sua conta em seguran\u00e7a, gerir dep\u00f3sitos e utilizar b\u00f3nus. Registo r\u00e1pido para novos utilizadores. Registe-se ou inicie sess\u00e3o e jogue os melhores jogos de casino online!","robots":{"index":"index","follow":"follow","max-snippet":"max-snippet:-1","max-image-preview":"max-image-preview:large","max-video-preview":"max-video-preview:-1"},"canonical":"https:\/\/thespinogambino.org\/pt-pt\/inicio-de-sessao-e-registo\/","og_locale":"pt_PT","og_type":"article","og_title":"Spinogambino Login | Registe-se e gerencie a sua conta","og_description":"Crie um Spinogambino login para aceder \u00e0 sua conta em seguran\u00e7a, gerir dep\u00f3sitos e utilizar b\u00f3nus. Registo r\u00e1pido para novos utilizadores. Registe-se ou inicie sess\u00e3o e jogue os melhores jogos de casino online!","og_url":"https:\/\/thespinogambino.org\/pt-pt\/inicio-de-sessao-e-registo\/","og_site_name":"spinogambino","article_modified_time":"2025-12-11T09:08:53+00:00","twitter_card":"summary_large_image","twitter_misc":{"Est. reading time":"1 minute"},"schema":{"@context":"https:\/\/schema.org","@graph":[{"@type":"WebPage","@id":"https:\/\/thespinogambino.org\/pt-pt\/inicio-de-sessao-e-registo\/","url":"https:\/\/thespinogambino.org\/pt-pt\/inicio-de-sessao-e-registo\/","name":"Spinogambino Login | Registe-se e gerencie a sua conta","isPartOf":{"@id":"https:\/\/thespinogambino.org\/pt-pt\/#website"},"datePublished":"2025-12-10T14:27:13+00:00","dateModified":"2025-12-11T09:08:53+00:00","description":"Crie um Spinogambino login para aceder \u00e0 sua conta em seguran\u00e7a, gerir dep\u00f3sitos e utilizar b\u00f3nus. Registo r\u00e1pido para novos utilizadores. Registe-se ou inicie sess\u00e3o e jogue os melhores jogos de casino online!","breadcrumb":{"@id":"https:\/\/thespinogambino.org\/pt-pt\/inicio-de-sessao-e-registo\/#breadcrumb"},"inLanguage":"pt-PT","potentialAction":[{"@type":"ReadAction","target":["https:\/\/thespinogambino.org\/pt-pt\/inicio-de-sessao-e-registo\/"]}]},{"@type":"BreadcrumbList","@id":"https:\/\/thespinogambino.org\/pt-pt\/inicio-de-sessao-e-registo\/#breadcrumb","itemListElement":[{"@type":"ListItem","position":1,"name":"Spinogambino","item":"https:\/\/thespinogambino.org\/pt-pt\/"},{"@type":"ListItem","position":2,"name":"In\u00edcio de sess\u00e3o e registo"}]},{"@type":"WebSite","@id":"https:\/\/thespinogambino.org\/pt-pt\/#website","url":"https:\/\/thespinogambino.org\/pt-pt\/","name":"Spinogambino","description":"","publisher":{"@id":"https:\/\/thespinogambino.org\/pt-pt\/#organization"},"potentialAction":[{"@type":"SearchAction","target":{"@type":"EntryPoint","urlTemplate":"https:\/\/thespinogambino.org\/pt-pt\/?s={search_term_string}"},"query-input":{"@type":"PropertyValueSpecification","valueRequired":true,"valueName":"search_term_string"}}],"inLanguage":"pt-PT"},{"@type":"Organization","@id":"https:\/\/thespinogambino.org\/pt-pt\/#organization","name":"Spinogambino","url":"https:\/\/thespinogambino.org\/pt-pt\/","logo":{"@type":"ImageObject","inLanguage":"pt-PT","@id":"https:\/\/thespinogambino.org\/pt-pt\/#\/schema\/logo\/image\/","url":"https:\/\/thespinogambino.org\/wp-content\/uploads\/2025\/12\/Casino-logo-Desktop-1.png","contentUrl":"https:\/\/thespinogambino.org\/wp-content\/uploads\/2025\/12\/Casino-logo-Desktop-1.png","width":136,"height":29,"caption":"Spinogambino"},"image":{"@id":"https:\/\/thespinogambino.org\/pt-pt\/#\/schema\/logo\/image\/"}}]}},"_links":{"self":[{"href":"https:\/\/thespinogambino.org\/pt-pt\/wp-json\/wp\/v2\/pages\/1681","targetHints":{"allow":["GET"]}}],"collection":[{"href":"https:\/\/thespinogambino.org\/pt-pt\/wp-json\/wp\/v2\/pages"}],"about":[{"href":"https:\/\/thespinogambino.org\/pt-pt\/wp-json\/wp\/v2\/types\/page"}],"author":[{"embeddable":true,"href":"https:\/\/thespinogambino.org\/pt-pt\/wp-json\/wp\/v2\/users\/4"}],"replies":[{"embeddable":true,"href":"https:\/\/thespinogambino.org\/pt-pt\/wp-json\/wp\/v2\/comments?post=1681"}],"version-history":[{"count":2,"href":"https:\/\/thespinogambino.org\/pt-pt\/wp-json\/wp\/v2\/pages\/1681\/revisions"}],"predecessor-version":[{"id":1927,"href":"https:\/\/thespinogambino.org\/pt-pt\/wp-json\/wp\/v2\/pages\/1681\/revisions\/1927"}],"wp:attachment":[{"href":"https:\/\/thespinogambino.org\/pt-pt\/wp-json\/wp\/v2\/media?parent=1681"}],"curies":[{"name":"wp","href":"https:\/\/api.w.org\/{rel}","templated":true}]}}